{"id":345,"date":"2021-07-18T22:45:37","date_gmt":"2021-07-18T20:45:37","guid":{"rendered":"https:\/\/champclause.fr\/?page_id=345"},"modified":"2025-10-25T22:41:16","modified_gmt":"2025-10-25T20:41:16","slug":"contact","status":"publish","type":"page","link":"https:\/\/champclause.fr\/index.php\/contact\/","title":{"rendered":"Contact"},"content":{"rendered":"\n<p>P\u00f4le Communal de Boussoulet<br><strong>43260 CHAMPCLAUSE<\/strong><br><strong><em>T\u00e9l : 04 71 08 73 40<\/em><\/strong><br>Fax : 04 71 65 02 60<br><strong>E- mail<\/strong>\u00a0: mairie@champclause.fr<\/p>\n\n\n\n<p><strong>Mairie ouverte :<\/strong><br>&#8211; le&nbsp;Mardi&nbsp;:&nbsp;de&nbsp;9h00&nbsp;\u00e0&nbsp;12h00 et de 14h00 \u00e0 17h00<br>&#8211; le&nbsp;Jeudi&nbsp;:&nbsp;de&nbsp;9h00&nbsp;\u00e0&nbsp;12h00 et de 14h00 \u00e0 17h00<br>&#8211; le&nbsp;Samedi&nbsp;:&nbsp;de&nbsp;9h00&nbsp;\u00e0&nbsp;12h00<\/p>\n\n\n\n<figure class=\"wp-block-image size-large is-resized\"><img loading=\"lazy\" decoding=\"async\" width=\"1024\" height=\"404\" src=\"https:\/\/champclause.fr\/wp-content\/uploads\/2021\/10\/logo_illiwap_cmjn-1024x404.jpg\" alt=\"\" class=\"wp-image-589\" style=\"width:202px;height:80px\" srcset=\"https:\/\/champclause.fr\/wp-content\/uploads\/2021\/10\/logo_illiwap_cmjn-1024x404.jpg 1024w, https:\/\/champclause.fr\/wp-content\/uploads\/2021\/10\/logo_illiwap_cmjn-300x118.jpg 300w, https:\/\/champclause.fr\/wp-content\/uploads\/2021\/10\/logo_illiwap_cmjn-768x303.jpg 768w, https:\/\/champclause.fr\/wp-content\/uploads\/2021\/10\/logo_illiwap_cmjn-1536x605.jpg 1536w\" sizes=\"auto, (max-width: 1024px) 100vw, 1024px\" \/><figcaption class=\"wp-element-caption\">pensez <em>\u00e0 t\u00e9l\u00e9charger cette application qui vous permettra de conna\u00eetre des informations instantan\u00e9es sur la commune<\/em><\/figcaption><\/figure>\n\n\n\n<p><\/p>\n","protected":false},"excerpt":{"rendered":"<p>P\u00f4le Communal de Boussoulet43260 CHAMPCLAUSET\u00e9l : 04 71 08 73 40Fax : 04 71 65 02 60E- mail\u00a0: mairie@champclause.fr Mairie ouverte :&#8211; le&nbsp;Mardi&nbsp;:&nbsp;de&nbsp;9h00&nbsp;\u00e0&nbsp;12h00 et de 14h00 \u00e0 17h00&#8211; le&nbsp;Jeudi&nbsp;:&nbsp;de&nbsp;9h00&nbsp;\u00e0&nbsp;12h00 et&hellip;<\/p>\n","protected":false},"author":2,"featured_media":0,"parent":0,"menu_order":0,"comment_status":"open","ping_status":"closed","template":"","meta":{"footnotes":""},"class_list":["post-345","page","type-page","status-publish","hentry"],"_links":{"self":[{"href":"https:\/\/champclause.fr\/index.php\/wp-json\/wp\/v2\/pages\/345","targetHints":{"allow":["GET"]}}],"collection":[{"href":"https:\/\/champclause.fr\/index.php\/wp-json\/wp\/v2\/pages"}],"about":[{"href":"https:\/\/champclause.fr\/index.php\/wp-json\/wp\/v2\/types\/page"}],"author":[{"embeddable":true,"href":"https:\/\/champclause.fr\/index.php\/wp-json\/wp\/v2\/users\/2"}],"replies":[{"embeddable":true,"href":"https:\/\/champclause.fr\/index.php\/wp-json\/wp\/v2\/comments?post=345"}],"version-history":[{"count":7,"href":"https:\/\/champclause.fr\/index.php\/wp-json\/wp\/v2\/pages\/345\/revisions"}],"predecessor-version":[{"id":793,"href":"https:\/\/champclause.fr\/index.php\/wp-json\/wp\/v2\/pages\/345\/revisions\/793"}],"wp:attachment":[{"href":"https:\/\/champclause.fr\/index.php\/wp-json\/wp\/v2\/media?parent=345"}],"curies":[{"name":"wp","href":"https:\/\/api.w.org\/{rel}","templated":true}]}}