{"id":2,"date":"2021-07-16T16:09:49","date_gmt":"2021-07-16T14:09:49","guid":{"rendered":"https:\/\/champclause.fr\/?page_id=2"},"modified":"2021-10-25T21:39:24","modified_gmt":"2021-10-25T19:39:24","slug":"page-d-exemple","status":"publish","type":"page","link":"https:\/\/champclause.fr\/","title":{"rendered":"Accueil"},"content":{"rendered":"\n<h1 class=\"has-black-color has-text-color wp-block-heading\">Bienvenue \u00e0 Champclause !<\/h1>\n\n\n\n<div class=\"wp-block-columns is-layout-flex wp-container-core-columns-is-layout-9d6595d7 wp-block-columns-is-layout-flex\">\n<div class=\"wp-block-column is-vertically-aligned-bottom is-layout-flow wp-block-column-is-layout-flow\" style=\"flex-basis:67%\">\n<div class=\"wp-block-columns is-layout-flex wp-container-core-columns-is-layout-9d6595d7 wp-block-columns-is-layout-flex\">\n<div class=\"wp-block-column is-vertically-aligned-center is-layout-flow wp-block-column-is-layout-flow\" style=\"flex-basis:100%\">\n<h2 class=\"wp-block-heading\"><strong>L<span class=\"has-inline-color has-black-color\">e Mot du Maire<\/span><\/strong><\/h2>\n\n\n\n<p class=\"has-text-align-left\">A la mise en place du Conseil Municipal de 2014, il a \u00e9t\u00e9 d\u00e9cid\u00e9 de cr\u00e9er pour notre commune un site internet, moyen de communication moderne ainsi qu\u2019un logo pour notre commune. Une nouvelle version voit le jour en 2021.<br>Situ\u00e9e en r\u00e9gion Auvergne, d\u00e9partement de la Haute-Loire, canton de Fay-sur-Lignon et rattach\u00e9e \u00e0 la Communaut\u00e9 de Communes du M\u00e9zenc et de la Loire Sauvage, Champclause est une commune de moyenne altitude,1 200 m, compos\u00e9e de 230 habitants permanents et plus d\u2019une centaine de&nbsp;r\u00e9sidents secondaires et dont l\u2019activit\u00e9 principale est l\u2019Agriculture.<br>Travers\u00e9e par la RD15 reliant le Puy en Velay \u00e0 Valence avec fort trafic, les restaurants de Boussoulet ont su en tirer profit et ont acquis aujourd\u2019hui une r\u00e9putation reconnue.<br>Le Site du Lac Bleu attire plus de 15 000 visiteurs et reste un lieu incontournable \u00e0 d\u00e9couvrir.<br>La for\u00eat du Meygal o\u00f9 vous pouvez pratiquer promenade et ski de fond, mais aussi 2 circuits de randonn\u00e9e class\u00e9s Respirando, de m\u00eame qu\u2019un circuit de VTT reliant l\u2019ensemble de la Communaut\u00e9 de Communes du pays du M\u00e9zenc.<br>Pour l\u2019h\u00e9bergement, nous disposons de gites ruraux particuliers et communaux, camping\u2026<br>Nos artisans\/commer\u00e7ants \/entreprises sont \u00e9galement \u00e0 votre \u00e9coute pour toute demande.<br>Bonne navigation et bonne d\u00e9couverte de notre commune\u2026<br>Le Maire<br>Emmanuel Palhier<\/p>\n\n\n<div class=\"leaflet-map WPLeafletMap\" style=\"height:250px; width:100%;\"><\/div><script>\nwindow.WPLeafletMapPlugin = window.WPLeafletMapPlugin || [];\nwindow.WPLeafletMapPlugin.push(function WPLeafletMapShortcode() {\/*<script>*\/\nvar baseUrl = atob('aHR0cHM6Ly90aWxlLm9wZW5zdHJlZXRtYXAub3JnL3t6fS97eH0ve3l9LnBuZw==');\nvar base = (!baseUrl && window.MQ) ?\n    window.MQ.mapLayer() : L.tileLayer(baseUrl,\n        L.Util.extend({}, {\n            detectRetina: 0,\n        },\n        {\"subdomains\":\"abc\",\"noWrap\":false,\"maxZoom\":19}        )\n    );\n    var options = L.Util.extend({}, {\n        layers: [base],\n        attributionControl: false\n    },\n    {\"zoomControl\":false,\"scrollWheelZoom\":false,\"doubleClickZoom\":false,\"fitBounds\":false,\"minZoom\":0,\"maxZoom\":19,\"maxBounds\":null,\"attribution\":\"<a href=\\\"http:\\\/\\\/leafletjs.com\\\" title=\\\"Une biblioth\\u00e8que JS pour des cartes interactives\\\">Leaflet<\\\/a>; \\u00a9 <a href=\\\"http:\\\/\\\/www.openstreetmap.org\\\/copyright\\\">OpenStreetMap<\\\/a> contributeurs\\\/contributrices\"},\n    {});\nwindow.WPLeafletMapPlugin.createMap(options).setView([45.027,4.127],15);});<\/script>\n<\/div>\n<\/div>\n<\/div>\n\n\n\n<div class=\"wp-block-column is-vertically-aligned-center is-layout-flow wp-block-column-is-layout-flow\" style=\"flex-basis:33%\"><form role=\"search\" method=\"get\" action=\"https:\/\/champclause.fr\/\" class=\"wp-block-search__button-outside wp-block-search__text-button wp-block-search\"    ><label class=\"wp-block-search__label\" for=\"wp-block-search__input-1\" >Rechercher<\/label><div class=\"wp-block-search__inside-wrapper\" ><input class=\"wp-block-search__input\" id=\"wp-block-search__input-1\" placeholder=\"\" value=\"\" type=\"search\" name=\"s\" required \/><button aria-label=\"Rechercher\" class=\"wp-block-search__button wp-element-button\" type=\"submit\" >Rechercher<\/button><\/div><\/form>\n\n<div class=\"aligncenter wp-block-calendar\"><table id=\"wp-calendar\" class=\"wp-calendar-table\">\n\t<caption>avril 2026<\/caption>\n\t<thead>\n\t<tr>\n\t\t<th scope=\"col\" aria-label=\"lundi\">L<\/th>\n\t\t<th scope=\"col\" aria-label=\"mardi\">M<\/th>\n\t\t<th scope=\"col\" aria-label=\"mercredi\">M<\/th>\n\t\t<th scope=\"col\" aria-label=\"jeudi\">J<\/th>\n\t\t<th scope=\"col\" aria-label=\"vendredi\">V<\/th>\n\t\t<th scope=\"col\" aria-label=\"samedi\">S<\/th>\n\t\t<th scope=\"col\" aria-label=\"dimanche\">D<\/th>\n\t<\/tr>\n\t<\/thead>\n\t<tbody>\n\t<tr>\n\t\t<td colspan=\"2\" class=\"pad\">&nbsp;<\/td><td>1<\/td><td>2<\/td><td>3<\/td><td>4<\/td><td>5<\/td>\n\t<\/tr>\n\t<tr>\n\t\t<td>6<\/td><td>7<\/td><td>8<\/td><td>9<\/td><td>10<\/td><td>11<\/td><td>12<\/td>\n\t<\/tr>\n\t<tr>\n\t\t<td>13<\/td><td>14<\/td><td>15<\/td><td>16<\/td><td>17<\/td><td>18<\/td><td>19<\/td>\n\t<\/tr>\n\t<tr>\n\t\t<td id=\"today\">20<\/td><td>21<\/td><td>22<\/td><td>23<\/td><td>24<\/td><td>25<\/td><td>26<\/td>\n\t<\/tr>\n\t<tr>\n\t\t<td>27<\/td><td>28<\/td><td>29<\/td><td>30<\/td>\n\t\t<td class=\"pad\" colspan=\"3\">&nbsp;<\/td>\n\t<\/tr>\n\t<\/tbody>\n\t<\/table><nav aria-label=\"Mois pr\u00e9c\u00e9dents et suivants\" class=\"wp-calendar-nav\">\n\t\t<span class=\"wp-calendar-nav-prev\"><a href=\"https:\/\/champclause.fr\/index.php\/2021\/10\/\">&laquo; Oct<\/a><\/span>\n\t\t<span class=\"pad\">&nbsp;<\/span>\n\t\t<span class=\"wp-calendar-nav-next\">&nbsp;<\/span>\n\t<\/nav><\/div>\n\n<p><iframe loading=\"lazy\" id=\"widget_autocomplete_preview\" src=\"https:\/\/meteofrance.com\/widget\/prevision\/430530##03A9F4B3\" width=\"400\" height=\"320\" frameborder=\"0\"> <\/iframe><\/p>\n<\/div>\n<\/div>\n\n\n\n<p><\/p>\n\n\n\n<figure class=\"wp-block-image size-full is-resized\"><img loading=\"lazy\" decoding=\"async\" src=\"https:\/\/champclause.fr\/wp-content\/uploads\/2021\/10\/banniere_web.jpg\" alt=\"\" class=\"wp-image-588\" width=\"973\" height=\"121\"\/><\/figure>\n","protected":false},"excerpt":{"rendered":"<p>Bienvenue \u00e0 Champclause ! Le Mot du Maire A la mise en place du Conseil Municipal de 2014, il a \u00e9t\u00e9 d\u00e9cid\u00e9 de cr\u00e9er pour notre commune un site internet,&hellip;<\/p>\n","protected":false},"author":1,"featured_media":0,"parent":0,"menu_order":0,"comment_status":"closed","ping_status":"open","template":"page-templates\/pagebuilder.php","meta":{"footnotes":""},"class_list":["post-2","page","type-page","status-publish","hentry"],"_links":{"self":[{"href":"https:\/\/champclause.fr\/index.php\/wp-json\/wp\/v2\/pages\/2","targetHints":{"allow":["GET"]}}],"collection":[{"href":"https:\/\/champclause.fr\/index.php\/wp-json\/wp\/v2\/pages"}],"about":[{"href":"https:\/\/champclause.fr\/index.php\/wp-json\/wp\/v2\/types\/page"}],"author":[{"embeddable":true,"href":"https:\/\/champclause.fr\/index.php\/wp-json\/wp\/v2\/users\/1"}],"replies":[{"embeddable":true,"href":"https:\/\/champclause.fr\/index.php\/wp-json\/wp\/v2\/comments?post=2"}],"version-history":[{"count":56,"href":"https:\/\/champclause.fr\/index.php\/wp-json\/wp\/v2\/pages\/2\/revisions"}],"predecessor-version":[{"id":636,"href":"https:\/\/champclause.fr\/index.php\/wp-json\/wp\/v2\/pages\/2\/revisions\/636"}],"wp:attachment":[{"href":"https:\/\/champclause.fr\/index.php\/wp-json\/wp\/v2\/media?parent=2"}],"curies":[{"name":"wp","href":"https:\/\/api.w.org\/{rel}","templated":true}]}}